{"id":2006,"date":"2026-03-14T12:28:20","date_gmt":"2026-03-14T12:28:20","guid":{"rendered":"https:\/\/www.entenweiher-menziken.ch\/?page=impressum"},"modified":"2026-03-14T12:28:20","modified_gmt":"2026-03-14T12:28:20","slug":"impressum","status":"publish","type":"page","link":"https:\/\/www.erichbruderer.ch\/?page_id=2006","title":{"rendered":"Impressum"},"content":{"rendered":"\n<h2 class=\"wp-block-heading\">Impressum<\/h2>\n<p>Gestaltung\/Webdesign: M\u00e4rki Marketing, Birr. Haftungsausschluss: Keine Gew\u00e4hr f\u00fcr Richtigkeit, Genauigkeit, Aktualit\u00e4t, Zuverl\u00e4ssigkeit und Vollst\u00e4ndigkeit der Informationen. Haftung f\u00fcr Links: Verweise und Links auf Webseiten Dritter liegen ausserhalb unseres Verantwortungsbereichs. Urheberrechte: Die Urheber\u2011 und alle anderen Rechte an Inhalten, Bildern, Fotos oder anderen Dateien auf der Website geh\u00f6ren ausschliesslich den speziell genannten Rechtsinhabern.<\/p>\n","protected":false},"excerpt":{"rendered":"<p>Impressum Gestaltung\/Webdesign: M\u00e4rki Marketing, Birr. Haftungsausschluss: Keine Gew\u00e4hr f\u00fcr Richtigkeit, Genauigkeit, Aktualit\u00e4t, Zuverl\u00e4ssigkeit und Vollst\u00e4ndigkeit der Informationen. Haftung f\u00fcr Links: Verweise und Links auf Webseiten Dritter liegen ausserhalb unseres Verantwortungsbereichs. Urheberrechte: Die Urheber\u2011 und alle anderen Rechte an Inhalten, Bildern, Fotos oder anderen Dateien auf der Website geh\u00f6ren ausschliesslich den speziell genannten Rechtsinhabern.<\/p>\n","protected":false},"author":1,"featured_media":1002,"parent":0,"menu_order":0,"comment_status":"closed","ping_status":"closed","template":"","meta":{"footnotes":""},"class_list":["post-2006","page","type-page","status-publish","has-post-thumbnail","hentry"],"_links":{"self":[{"href":"https:\/\/www.erichbruderer.ch\/index.php?rest_route=\/wp\/v2\/pages\/2006","targetHints":{"allow":["GET"]}}],"collection":[{"href":"https:\/\/www.erichbruderer.ch\/index.php?rest_route=\/wp\/v2\/pages"}],"about":[{"href":"https:\/\/www.erichbruderer.ch\/index.php?rest_route=\/wp\/v2\/types\/page"}],"author":[{"embeddable":true,"href":"https:\/\/www.erichbruderer.ch\/index.php?rest_route=\/wp\/v2\/users\/1"}],"replies":[{"embeddable":true,"href":"https:\/\/www.erichbruderer.ch\/index.php?rest_route=%2Fwp%2Fv2%2Fcomments&post=2006"}],"version-history":[{"count":0,"href":"https:\/\/www.erichbruderer.ch\/index.php?rest_route=\/wp\/v2\/pages\/2006\/revisions"}],"wp:featuredmedia":[{"embeddable":true,"href":"https:\/\/www.erichbruderer.ch\/index.php?rest_route=\/wp\/v2\/media\/1002"}],"wp:attachment":[{"href":"https:\/\/www.erichbruderer.ch\/index.php?rest_route=%2Fwp%2Fv2%2Fmedia&parent=2006"}],"curies":[{"name":"wp","href":"https:\/\/api.w.org\/{rel}","templated":true}]}}