{"id":2002,"date":"2026-03-14T12:28:20","date_gmt":"2026-03-14T12:28:20","guid":{"rendered":"https:\/\/www.entenweiher-menziken.ch\/?page=verein"},"modified":"2026-03-14T12:28:20","modified_gmt":"2026-03-14T12:28:20","slug":"verein","status":"publish","type":"page","link":"https:\/\/www.erichbruderer.ch\/?page_id=2002","title":{"rendered":"Verein"},"content":{"rendered":"\n<h2 class=\"wp-block-heading\">Verein<\/h2>\n\n<p>Unser Vorstand unterst\u00fctzt den Verein in Fronarbeit, um den Weiher zu erhalten und den Tieren und auch uns Menschen einen erholsamen Ort bieten zu k\u00f6nnen. Deswegen sind wir um jede freiwillige Spende sehr dankbar.<\/p>\n\n<h3 class=\"wp-block-heading\">Die Geschichte<\/h3>\n\n<p>Der Weiherverein wurde im Fr\u00fchjahr 1939 offiziell gegr\u00fcndet und mit dem Bau der heutigen Weiheranlage wurde in den Sommermonaten 1939 begonnen. Ziel war ein Naherholungsgebiet f\u00fcr die Bev\u00f6lkerung im Revier Ischlag zu schaffen. Das Club\u2011Haus wurde in den Kriegsjahren von polnischen Integrierten erbaut und wird bis heute gepflegt. Heute k\u00fcmmern sich Helfer unentgeltlich um die Anlage. Rund 15 Enten leben permanent bei uns; weitere Wildtiere besuchen uns saisonal.<\/p>\n\n\n<figure class=\"wp-block-image size-large\"><img decoding=\"async\" src=\"https:\/\/www.erichbruderer.ch\/wp-content\/uploads\/2026\/03\/pexels-photo-24524483.jpeg?auto=compress&#038;cs=tinysrgb&#038;h=800&#038;w=1200\" alt=\"Ente am Weiher\"\/><figcaption>Mitglied werden und helfen<\/figcaption><\/figure>\n\n<h3 class=\"wp-block-heading\">Mitglied werden<\/h3>\n\n<p>Mit einem Jahresbeitrag von CHF 30.\u2013 werden Sie Mitglied und helfen, den Unterhalt der Anlage (Voliere, Umschwung, Weiherreinigung) zu sichern.<\/p>\n\n","protected":false},"excerpt":{"rendered":"<p>Verein Unser Vorstand unterst\u00fctzt den Verein in Fronarbeit, um den Weiher zu erhalten und den Tieren und auch uns Menschen einen erholsamen Ort bieten zu k\u00f6nnen. Deswegen sind wir um jede freiwillige Spende sehr dankbar. Die Geschichte Der Weiherverein wurde im Fr\u00fchjahr 1939 offiziell gegr\u00fcndet und mit dem Bau der heutigen Weiheranlage wurde in den [&hellip;]<\/p>\n","protected":false},"author":1,"featured_media":1002,"parent":0,"menu_order":0,"comment_status":"closed","ping_status":"closed","template":"","meta":{"footnotes":""},"class_list":["post-2002","page","type-page","status-publish","has-post-thumbnail","hentry"],"_links":{"self":[{"href":"https:\/\/www.erichbruderer.ch\/index.php?rest_route=\/wp\/v2\/pages\/2002","targetHints":{"allow":["GET"]}}],"collection":[{"href":"https:\/\/www.erichbruderer.ch\/index.php?rest_route=\/wp\/v2\/pages"}],"about":[{"href":"https:\/\/www.erichbruderer.ch\/index.php?rest_route=\/wp\/v2\/types\/page"}],"author":[{"embeddable":true,"href":"https:\/\/www.erichbruderer.ch\/index.php?rest_route=\/wp\/v2\/users\/1"}],"replies":[{"embeddable":true,"href":"https:\/\/www.erichbruderer.ch\/index.php?rest_route=%2Fwp%2Fv2%2Fcomments&post=2002"}],"version-history":[{"count":0,"href":"https:\/\/www.erichbruderer.ch\/index.php?rest_route=\/wp\/v2\/pages\/2002\/revisions"}],"wp:featuredmedia":[{"embeddable":true,"href":"https:\/\/www.erichbruderer.ch\/index.php?rest_route=\/wp\/v2\/media\/1002"}],"wp:attachment":[{"href":"https:\/\/www.erichbruderer.ch\/index.php?rest_route=%2Fwp%2Fv2%2Fmedia&parent=2002"}],"curies":[{"name":"wp","href":"https:\/\/api.w.org\/{rel}","templated":true}]}}