{"id":2001,"date":"2026-03-14T12:28:20","date_gmt":"2026-03-14T12:28:20","guid":{"rendered":"https:\/\/www.entenweiher-menziken.ch\/?page=start"},"modified":"2026-03-14T12:28:20","modified_gmt":"2026-03-14T12:28:20","slug":"startseite","status":"publish","type":"page","link":"https:\/\/www.erichbruderer.ch\/?page_id=2001","title":{"rendered":"Startseite"},"content":{"rendered":"\n\n<div class=\"wp-block-cover\">\n  <span aria-hidden=\"true\" class=\"wp-block-cover__background has-black-background-color has-background-dim-30 has-background-dim\"><\/span>\n  <img decoding=\"async\" class=\"wp-block-cover__image-background\" alt=\"Weiher\" src=\"https:\/\/www.erichbruderer.ch\/wp-content\/uploads\/2026\/03\/pond-2154145_1280.jpg\" data-object-fit=\"cover\"\/>\n  <div class=\"wp-block-cover__inner-container is-layout-flow wp-block-cover-is-layout-flow\">\n    \n    <h1 class=\"has-text-align-center wp-block-heading\">Entenweiher Menziken<\/h1>\n    \n    \n    <p class=\"has-text-align-center has-large-font-size\">Besuchen Sie unsere Enten und geniessen Sie die Ruhe und Harmonie!<\/p>\n    \n  <\/div>\n<\/div>\n\n\n\n<p>Endlich ist es soweit! Nach langen Arbeitseins\u00e4tzen, Kursen und Abkl\u00e4rungen kann der Entenweiher Menziken er\u00f6ffnet werden. Am 29. Mai 2025 (Auffahrt) wurde die Voliere offiziell er\u00f6ffnet. Wir freuen uns \u00fcber alle Besucher und hoffen, dass die Voliere viele Jahre lang Freude machen kann. Noch immer suchen wir freiwillige Mithelfende zur Mithilfe auf der Anlage.<\/p>\n\n\n\n<figure class=\"wp-block-gallery columns-3 is-cropped wp-block-gallery-1 is-layout-flex wp-block-gallery-is-layout-flex\">\n  <ul class=\"blocks-gallery-grid\">\n    <li class=\"blocks-gallery-item\"><figure><img decoding=\"async\" src=\"https:\/\/www.erichbruderer.ch\/wp-content\/uploads\/2026\/03\/duck-3779833_960_720.jpg\" alt=\"Ente\"\/><\/figure><\/li>\n    <li class=\"blocks-gallery-item\"><figure><img decoding=\"async\" src=\"https:\/\/www.erichbruderer.ch\/wp-content\/uploads\/2026\/03\/ducks-8907224_1280.jpg\" alt=\"Weiher Sommer\"\/><\/figure><\/li>\n    <li class=\"blocks-gallery-item\"><figure><img decoding=\"async\" src=\"https:\/\/www.erichbruderer.ch\/wp-content\/uploads\/2026\/03\/pond-3397317_1280.jpg\" alt=\"Enten am Ufer\"\/><\/figure><\/li>\n  <\/ul>\n<\/figure>\n\n","protected":false},"excerpt":{"rendered":"<p>Endlich ist es soweit! Nach langen Arbeitseins\u00e4tzen, Kursen und Abkl\u00e4rungen kann der Entenweiher Menziken er\u00f6ffnet werden. Am 29. Mai 2025 (Auffahrt) wurde die Voliere offiziell er\u00f6ffnet. Wir freuen uns \u00fcber alle Besucher und hoffen, dass die Voliere viele Jahre lang Freude machen kann. Noch immer suchen wir freiwillige Mithelfende zur Mithilfe auf der Anlage.<\/p>\n","protected":false},"author":1,"featured_media":1001,"parent":0,"menu_order":0,"comment_status":"closed","ping_status":"closed","template":"","meta":{"footnotes":""},"class_list":["post-2001","page","type-page","status-publish","has-post-thumbnail","hentry"],"_links":{"self":[{"href":"https:\/\/www.erichbruderer.ch\/index.php?rest_route=\/wp\/v2\/pages\/2001","targetHints":{"allow":["GET"]}}],"collection":[{"href":"https:\/\/www.erichbruderer.ch\/index.php?rest_route=\/wp\/v2\/pages"}],"about":[{"href":"https:\/\/www.erichbruderer.ch\/index.php?rest_route=\/wp\/v2\/types\/page"}],"author":[{"embeddable":true,"href":"https:\/\/www.erichbruderer.ch\/index.php?rest_route=\/wp\/v2\/users\/1"}],"replies":[{"embeddable":true,"href":"https:\/\/www.erichbruderer.ch\/index.php?rest_route=%2Fwp%2Fv2%2Fcomments&post=2001"}],"version-history":[{"count":0,"href":"https:\/\/www.erichbruderer.ch\/index.php?rest_route=\/wp\/v2\/pages\/2001\/revisions"}],"wp:featuredmedia":[{"embeddable":true,"href":"https:\/\/www.erichbruderer.ch\/index.php?rest_route=\/wp\/v2\/media\/1001"}],"wp:attachment":[{"href":"https:\/\/www.erichbruderer.ch\/index.php?rest_route=%2Fwp%2Fv2%2Fmedia&parent=2001"}],"curies":[{"name":"wp","href":"https:\/\/api.w.org\/{rel}","templated":true}]}}